{"id":1458,"date":"2018-12-17T08:46:49","date_gmt":"2018-12-17T05:46:49","guid":{"rendered":"https:\/\/wilmer.qodeinteractive.com\/elementor\/?page_id=1458"},"modified":"2021-07-26T12:21:44","modified_gmt":"2021-07-26T09:21:44","slug":"hakkimizda","status":"publish","type":"page","link":"https:\/\/emeyinsaat.com.tr\/index.php\/hakkimizda\/","title":{"rendered":"Hakk\u0131m\u0131zda"},"content":{"rendered":"\t\t<div data-elementor-type=\"wp-page\" data-elementor-id=\"1458\" class=\"elementor elementor-1458\" data-elementor-settings=\"[]\">\n\t\t\t\t\t\t\t<div class=\"elementor-section-wrap\">\n\t\t\t\t\t<div class=\"mkdf-elementor-row mkdf-row-with-bg-pattern\" style=\"\">\t\t<section class=\"elementor-section elementor-top-section elementor-element elementor-element-a50048f mkdf-elementor-row-grid-section elementor-section-boxed elementor-section-height-default elementor-section-height-default mkdf-parallax-row-no mkdf-content-aligment-left mkdf-disabled-bg-image-bellow-no mkdf-row-btt-light\" data-id=\"a50048f\" data-element_type=\"section\" data-settings=\"{&quot;background_background&quot;:&quot;classic&quot;}\">\n\t\t\t\t\t\t<div class=\"elementor-container elementor-column-gap-default\">\n\t\t\t\t\t<div class=\"elementor-column elementor-col-50 elementor-top-column elementor-element elementor-element-ae28ab8\" data-id=\"ae28ab8\" data-element_type=\"column\">\n\t\t\t<div class=\"elementor-widget-wrap elementor-element-populated\">\n\t\t\t\t\t\t\t\t<div class=\"elementor-element elementor-element-b6a2eb7 elementor-widget elementor-widget-image\" data-id=\"b6a2eb7\" data-element_type=\"widget\" data-widget_type=\"image.default\">\n\t\t\t\t<div class=\"elementor-widget-container\">\n\t\t\t\t\t\t\t\t\t\t\t\t\t\t\t<img loading=\"lazy\" decoding=\"async\" width=\"650\" height=\"513\" src=\"https:\/\/emeyinsaat.com.tr\/wp-content\/uploads\/2021\/07\/97527385-asian-engineer-with-hardhat-using-tablet-pc-computer-inspecting-and-working-at-construction-site-650x513.jpg\" class=\"attachment-wilmer_mikado_image_square size-wilmer_mikado_image_square\" alt=\"\" \/>\t\t\t\t\t\t\t\t\t\t\t\t\t\t\t<\/div>\n\t\t\t\t<\/div>\n\t\t\t\t\t<\/div>\n\t\t<\/div>\n\t\t\t\t<div class=\"elementor-column elementor-col-50 elementor-top-column elementor-element elementor-element-a6f9b37\" data-id=\"a6f9b37\" data-element_type=\"column\">\n\t\t\t<div class=\"elementor-widget-wrap elementor-element-populated\">\n\t\t\t\t\t\t\t\t<div class=\"elementor-element elementor-element-73ff54c elementor-widget elementor-widget-mkdf_section_title\" data-id=\"73ff54c\" data-element_type=\"widget\" data-widget_type=\"mkdf_section_title.default\">\n\t\t\t\t<div class=\"elementor-widget-container\">\n\t\t\t<div class=\"mkdf-section-title-holder  mkdf-st-standard   \" >\n\t<div class=\"mkdf-st-inner\">\n                    <h6 class=\"mkdf-st-intro-title\" >\n                EMEY \u0130N\u015eAAT \u0130LE            <\/h6>\n        \t\t\t\t\t<h2 class=\"mkdf-st-title\" >\n\t\t\t\tGelece\u011fi in\u015fa ediyoruz...\t\t\t<\/h2>\n\t\t\t\t\t\t\t<p class=\"mkdf-st-text\" style=\"margin-top: 20px\">\n\t\t\t\t2009 y\u0131l\u0131ndan faaliyete ba\u015flayan firmam\u0131z yenilik\u00e7i anlay\u0131\u015f\u0131 ve tecr\u00fcbeli kadrosu ile en \u00e7a\u011fda\u015f hizmeti sunman\u0131n gayretini g\u00f6steren, yapt\u0131\u011f\u0131 ve yapaca\u011f\u0131 i\u015flerle daima kalitesini ortaya koymay\u0131 ba\u015farm\u0131\u015f profesyonel anlay\u0131\u015fla hizmet sunmaya devam etmektedir...\nEMEY \u0130N\u015eAAT\t\t\t<\/p>\n\t\t\t<\/div>\n<\/div>\t\t<\/div>\n\t\t\t\t<\/div>\n\t\t\t\t\t<\/div>\n\t\t<\/div>\n\t\t\t\t\t\t\t<\/div>\n\t\t<\/section>\n\t\t<div class=\"mkdf-row-background-pattern-holder\"><div class=\"mkdf-row-background-pattern-left\"><\/div><div class=\"mkdf-row-background-pattern-right\"><\/div><\/div><\/div>\t\t\t\t<\/div>\n\t\t\t\t\t<\/div>\n\t\t","protected":false},"excerpt":{"rendered":"<p>EMEY \u0130N\u015eAAT \u0130LE Gelece\u011fi in\u015fa ediyoruz&#8230; 2009 y\u0131l\u0131ndan faaliyete ba\u015flayan firmam\u0131z yenilik\u00e7i anlay\u0131\u015f\u0131 ve tecr\u00fcbeli kadrosu ile en \u00e7a\u011fda\u015f hizmeti sunman\u0131n gayretini g\u00f6steren, yapt\u0131\u011f\u0131 ve yapaca\u011f\u0131 i\u015flerle daima kalitesini ortaya koymay\u0131 ba\u015farm\u0131\u015f profesyonel anlay\u0131\u015fla hizmet sunmaya devam etmektedir&#8230; EMEY \u0130N\u015eAAT<\/p>\n","protected":false},"author":1,"featured_media":0,"parent":0,"menu_order":0,"comment_status":"closed","ping_status":"closed","template":"full-width.php","meta":{"footnotes":""},"class_list":["post-1458","page","type-page","status-publish","hentry"],"_links":{"self":[{"href":"https:\/\/emeyinsaat.com.tr\/index.php\/wp-json\/wp\/v2\/pages\/1458","targetHints":{"allow":["GET"]}}],"collection":[{"href":"https:\/\/emeyinsaat.com.tr\/index.php\/wp-json\/wp\/v2\/pages"}],"about":[{"href":"https:\/\/emeyinsaat.com.tr\/index.php\/wp-json\/wp\/v2\/types\/page"}],"author":[{"embeddable":true,"href":"https:\/\/emeyinsaat.com.tr\/index.php\/wp-json\/wp\/v2\/users\/1"}],"replies":[{"embeddable":true,"href":"https:\/\/emeyinsaat.com.tr\/index.php\/wp-json\/wp\/v2\/comments?post=1458"}],"version-history":[{"count":14,"href":"https:\/\/emeyinsaat.com.tr\/index.php\/wp-json\/wp\/v2\/pages\/1458\/revisions"}],"predecessor-version":[{"id":9536,"href":"https:\/\/emeyinsaat.com.tr\/index.php\/wp-json\/wp\/v2\/pages\/1458\/revisions\/9536"}],"wp:attachment":[{"href":"https:\/\/emeyinsaat.com.tr\/index.php\/wp-json\/wp\/v2\/media?parent=1458"}],"curies":[{"name":"wp","href":"https:\/\/api.w.org\/{rel}","templated":true}]}}