{"id":1743,"date":"2018-12-18T10:02:14","date_gmt":"2018-12-18T07:02:14","guid":{"rendered":"https:\/\/wilmer.qodeinteractive.com\/elementor\/?page_id=1743"},"modified":"2021-07-24T01:37:11","modified_gmt":"2021-07-23T22:37:11","slug":"iletisim","status":"publish","type":"page","link":"https:\/\/emeyinsaat.com.tr\/index.php\/iletisim\/","title":{"rendered":"\u0130leti\u015fim"},"content":{"rendered":"\t\t<div data-elementor-type=\"wp-page\" data-elementor-id=\"1743\" class=\"elementor elementor-1743\" data-elementor-settings=\"[]\">\n\t\t\t\t\t\t\t<div class=\"elementor-section-wrap\">\n\t\t\t\t\t\t\t<section class=\"elementor-section elementor-top-section elementor-element elementor-element-c5569ff mkdf-elementor-row-grid-section elementor-section-boxed elementor-section-height-default elementor-section-height-default mkdf-parallax-row-no mkdf-content-aligment-left mkdf-disabled-bg-image-bellow-no mkdf-row-btt-light\" data-id=\"c5569ff\" data-element_type=\"section\">\n\t\t\t\t\t\t<div class=\"elementor-container elementor-column-gap-default\">\n\t\t\t\t\t<div class=\"elementor-column elementor-col-50 elementor-top-column elementor-element elementor-element-61afb6b\" data-id=\"61afb6b\" data-element_type=\"column\">\n\t\t\t<div class=\"elementor-widget-wrap elementor-element-populated\">\n\t\t\t\t\t\t\t\t<div class=\"elementor-element elementor-element-c9c5371 elementor-widget elementor-widget-text-editor\" data-id=\"c9c5371\" data-element_type=\"widget\" data-widget_type=\"text-editor.default\">\n\t\t\t\t<div class=\"elementor-widget-container\">\n\t\t\t\t\t\t\t\t<h4>\u0130leti\u015fim Bilgileri<\/h4>\t\t\t\t\t\t<\/div>\n\t\t\t\t<\/div>\n\t\t\t\t<div class=\"elementor-element elementor-element-432ec36 elementor-widget elementor-widget-mkdf_icon_with_text\" data-id=\"432ec36\" data-element_type=\"widget\" data-widget_type=\"mkdf_icon_with_text.default\">\n\t\t\t\t<div class=\"elementor-widget-container\">\n\t\t\t<div class=\"mkdf-iwt clearfix  mkdf-iwt-icon-left  mkdf-iwt-icon-tiny\" >\n\t<div class=\"mkdf-iwt-icon\">\n\t\t\t\t\t<a itemprop=\"url\" href=\"https:\/\/www.google.com\/maps\/place\/198-140+W+21st+St,+New+York,+NY+10011,+USA\/@40.7425921,-73.996606,19z\/data=!3m1!4b1!4m12!1m6!3m5!1s0x89c259bb65ffb4b7:0xfb6f9cef91401b93!2sEvents+Coverage+and+Photography!8m2!3d40.7428131!4d-73.9965996!3m4!1s0x89c259bb5d001a8d:0xc2feb64b574cf2e2!8m2!3d40.7425911!4d-73.9960588\" target=\"_blank\">\n\t\t\t\t\t                <svg version=\"1.1\" id=\"Layer_1\" xmlns=\"http:\/\/www.w3.org\/2000\/svg\" xmlns:xlink=\"http:\/\/www.w3.org\/1999\/xlink\" x=\"0px\" y=\"0px\" \t width=\"15px\" height=\"18px\" viewBox=\"0 0 13 16\" style=\"enable-background:new 0 0 13 16;\" xml:space=\"preserve\"> <style type=\"text\/css\"> \t.st0{fill:#001659;} <\/style> <g> \t<path class=\"st0\" d=\"M11.8,2.8C10.6,1,8.7,0,6.5,0C4.3,0,2.4,1,1.2,2.8c-1.2,1.8-1.5,4-0.8,6c0.2,0.5,0.5,1.1,0.9,1.6L6,15.8 \t\tC6.1,15.9,6.3,16,6.5,16c0.2,0,0.4-0.1,0.5-0.2l4.6-5.4c0.4-0.5,0.7-1,0.9-1.6C13.3,6.8,13.1,4.6,11.8,2.8z M11.4,8.3 \t\tc-0.1,0.4-0.4,0.8-0.7,1.2l-4.2,4.9L2.3,9.5C2,9.1,1.8,8.7,1.6,8.3C1,6.7,1.3,4.9,2.2,3.5c1-1.4,2.5-2.2,4.3-2.2s3.3,0.8,4.3,2.2 \t\tC11.7,4.9,12,6.7,11.4,8.3z\"\/> \t<path class=\"st0\" d=\"M6.5,3.3c-1.8,0-3.2,1.4-3.2,3.2s1.4,3.2,3.2,3.2c1.8,0,3.2-1.4,3.2-3.2S8.3,3.3,6.5,3.3z M8.4,6.5 \t\tc0,1-0.8,1.9-1.9,1.9c-1,0-1.9-0.8-1.9-1.9s0.8-1.9,1.9-1.9C7.5,4.6,8.4,5.4,8.4,6.5z\"\/> <\/g> <\/svg>\t\t\t\t\t\t\t\t<\/a>\n\t\t\t<\/div>\n\t<div class=\"mkdf-iwt-content\" style=\"padding-left: 18px\">\n        \t\t\t\t\t\t\t<p class=\"mkdf-iwt-text\" style=\"margin-top: 0px\">Denizk\u00f6\u015fkler Mah. Mine Sok. No:22\/9 Avc\u0131lar \/ \u0130STANBUL<\/p>\n\t\t\t<\/div>\n<\/div>\t\t<\/div>\n\t\t\t\t<\/div>\n\t\t\t\t<div class=\"elementor-element elementor-element-e95f2c3 elementor-widget elementor-widget-mkdf_icon_with_text\" data-id=\"e95f2c3\" data-element_type=\"widget\" data-widget_type=\"mkdf_icon_with_text.default\">\n\t\t\t\t<div class=\"elementor-widget-container\">\n\t\t\t<div class=\"mkdf-iwt clearfix  mkdf-iwt-icon-left  mkdf-iwt-icon-tiny\" >\n\t<div class=\"mkdf-iwt-icon\">\n\t\t\t\t\t<a itemprop=\"url\" href=\"tel:905358740861\" target=\"_self\">\n\t\t\t\t\t                <svg version=\"1.1\" id=\"Layer_1\" xmlns=\"http:\/\/www.w3.org\/2000\/svg\" xmlns:xlink=\"http:\/\/www.w3.org\/1999\/xlink\" x=\"0px\" y=\"0px\"\n\t width=\"18px\" height=\"18px\" viewBox=\"0 0 16 16\" style=\"enable-background:new 0 0 16 16;\" xml:space=\"preserve\">\n<style type=\"text\/css\">\n\t.st0{fill:#12192D;}\n<\/style>\n<path class=\"st0\" d=\"M12.5,6.9c-0.3,0-0.6-0.2-0.6-0.5c-0.2-1.2-1.1-2-2.3-2.3C9.3,4,9.1,3.7,9.1,3.3C9.2,3,9.5,2.8,9.9,2.8\n\tC10.7,3,11.4,3.4,12,4c0.6,0.6,1,1.3,1.1,2.1c0.1,0.4-0.2,0.7-0.5,0.8C12.6,6.9,12.6,6.9,12.5,6.9z\"\/>\n<path class=\"st0\" d=\"M15.4,6.9c-0.3,0-0.6-0.2-0.6-0.6c-0.3-2.7-2.4-4.7-5-5c-0.4,0-0.6-0.4-0.6-0.7C9.2,0.2,9.5,0,9.8,0\n\tc1.6,0.2,3,0.9,4.2,2c1.1,1.1,1.8,2.6,2,4.2C16,6.5,15.8,6.8,15.4,6.9C15.4,6.9,15.4,6.9,15.4,6.9z\"\/>\n<path class=\"st0\" d=\"M13.2,16c-0.1,0-0.1,0-0.2,0c0,0,0,0,0,0c-2.3-0.2-4.5-1-6.4-2.3c-1.8-1.1-3.3-2.6-4.4-4.4C1,7.4,0.2,5.2,0,2.9\n\tc0,0,0,0,0,0c-0.1-1.1,0.7-2.1,1.9-2.2c0.1,0,0.1,0,0.2,0h2.1c1,0,1.9,0.7,2.1,1.8c0,0,0,0,0,0c0.1,0.6,0.2,1.2,0.5,1.8\n\tC7,5.1,6.8,5.9,6.2,6.5c0,0,0,0,0,0L5.7,7c0.8,1.3,2,2.5,3.3,3.3l0.5-0.5c0,0,0,0,0,0c0.6-0.6,1.4-0.7,2.2-0.5\n\tc0.6,0.2,1.2,0.4,1.8,0.5c0,0,0,0,0,0c1,0.1,1.8,1,1.8,2.1v2.1C15.3,15.1,14.4,16,13.2,16C13.2,16,13.2,16,13.2,16z M13.2,14.7\n\tC13.2,14.7,13.2,14.7,13.2,14.7c0.5,0,0.8-0.3,0.8-0.8v-2.1c0,0,0,0,0,0c0-0.4-0.3-0.7-0.7-0.8c-0.7-0.1-1.4-0.3-2.1-0.5\n\tc-0.3-0.1-0.6,0-0.8,0.2l-0.9,0.9c-0.2,0.2-0.5,0.2-0.8,0.1c-1.9-1.1-3.4-2.6-4.5-4.5C4.1,7,4.2,6.7,4.4,6.5l0.9-0.9\n\tC5.5,5.3,5.6,5,5.5,4.8C5.2,4.1,5,3.4,4.9,2.6C4.9,2.3,4.6,2,4.2,2c0,0,0,0,0,0H2.1C2,2,2,2,2,2C1.6,2,1.3,2.4,1.3,2.8\n\tc0.2,2.1,0.9,4.1,2.1,5.8c0,0,0,0,0,0c1,1.6,2.4,3,4,4c0,0,0,0,0,0C9.1,13.8,11.1,14.5,13.2,14.7z\"\/>\n<\/svg>\t\t\t\t\t\t\t\t<\/a>\n\t\t\t<\/div>\n\t<div class=\"mkdf-iwt-content\" style=\"padding-left: 17px\">\n        \t\t\t\t\t\t\t<p class=\"mkdf-iwt-text\" style=\"margin-top: 0px\">+(90) 535 874 08 61\n\n<\/p>\n\t\t\t<\/div>\n<\/div>\t\t<\/div>\n\t\t\t\t<\/div>\n\t\t\t\t<div class=\"elementor-element elementor-element-9cda9c9 elementor-widget elementor-widget-mkdf_icon_with_text\" data-id=\"9cda9c9\" data-element_type=\"widget\" data-widget_type=\"mkdf_icon_with_text.default\">\n\t\t\t\t<div class=\"elementor-widget-container\">\n\t\t\t<div class=\"mkdf-iwt clearfix  mkdf-iwt-icon-left  mkdf-iwt-icon-tiny\" >\n\t<div class=\"mkdf-iwt-icon\">\n\t\t\t\t\t<a itemprop=\"url\" href=\"mailto:info@emeyinsaat.com.tr\" target=\"_self\">\n\t\t\t\t\t                <svg version=\"1.1\" id=\"Layer_1\" xmlns=\"http:\/\/www.w3.org\/2000\/svg\" xmlns:xlink=\"http:\/\/www.w3.org\/1999\/xlink\" x=\"0px\" y=\"0px\"\n\twidth=\"18px\" height=\"18px\" viewBox=\"0 0 16 16\" style=\"enable-background:new 0 0 16 16;\" xml:space=\"preserve\">\n<style type=\"text\/css\">\n\t.st0{fill:#12192D;}\n<\/style>\n<path class=\"st0\" d=\"M13.7,2.3C12.1,0.8,10.1,0,8,0c0,0,0,0,0,0C5.9,0,3.9,0.8,2.3,2.3C0.8,3.9,0,5.9,0,8c0,2.1,0.8,4.1,2.3,5.7\n\tC3.9,15.2,5.9,16,8,16c0,0,0,0,0,0c1.7,0,3.5-0.6,4.9-1.6c0.3-0.2,0.3-0.6,0.1-0.9c-0.2-0.3-0.6-0.3-0.9-0.1\n\tc-1.2,0.9-2.6,1.4-4.1,1.4h0c-1.8,0-3.5-0.7-4.7-2c-1.3-1.3-2-3-2-4.7c0-3.7,3-6.7,6.7-6.7h0c3.7,0,6.7,3,6.7,6.7v0.7\n\tc0,0.9-0.7,1.6-1.6,1.6c-0.9,0-1.6-0.7-1.6-1.6V8l0,0c0-2-1.6-3.6-3.6-3.6C6,4.4,4.4,6,4.4,8S6,11.6,8,11.6c1.1,0,2.1-0.5,2.8-1.3\n\tc0.5,0.8,1.4,1.3,2.4,1.3c1.6,0,2.9-1.3,2.9-2.9V8C16,5.9,15.2,3.9,13.7,2.3z M8,10.3c-1.3,0-2.3-1-2.3-2.3s1-2.3,2.3-2.3\n\tc1.3,0,2.3,1,2.3,2.3S9.3,10.3,8,10.3z\"\/>\n<\/svg>\n\t\t\t\t\t\t\t\t<\/a>\n\t\t\t<\/div>\n\t<div class=\"mkdf-iwt-content\" style=\"padding-left: 17px\">\n        \t\t\t\t\t\t\t<p class=\"mkdf-iwt-text\" style=\"margin-top: 0px\">info@emeyinsaat.com.tr\n<\/p>\n\t\t\t<\/div>\n<\/div>\t\t<\/div>\n\t\t\t\t<\/div>\n\t\t\t\t<div class=\"elementor-element elementor-element-c60c8e6 elementor-widget elementor-widget-mkdf_google_map\" data-id=\"c60c8e6\" data-element_type=\"widget\" data-widget_type=\"mkdf_google_map.default\">\n\t\t\t\t<div class=\"elementor-widget-container\">\n\t\t\t<div class=\"mkdf-google-map-holder\">\n\t\t<div class=\"mkdf-google-map\" id=\"mkdf-map-2668891\" data-addresses='[\"198 West 21th Street, Suite 721 New York, NY 10010\"]' data-custom-map-style= data-color-overlay= data-saturation= data-lightness= data-zoom=12 data-pin=https:\/\/emeyinsaat.com.tr\/wp-content\/uploads\/2019\/01\/map_pin.png data-unique-id=2668891 data-scroll-wheel=no data-height=660 data-snazzy-map-style=yes><\/div>\n\t        \t\t<input type=\"hidden\" class=\"mkdf-snazzy-map\" value=\"`{`\n{\n``featureType``: ``all``,\n``elementType``: ``labels.text.fill``,\n``stylers``: `{`\n{\n``saturation``: 36\n},\n{\n``color``: ``#8996b5``\n},\n{\n``lightness``: 40\n}\n`}`\n},\n{\n``featureType``: ``all``,\n``elementType``: ``labels.text.stroke``,\n``stylers``: `{`\n{\n``visibility``: ``on``\n},\n{\n``color``: ``#04070f``\n},\n{\n``lightness``: 16\n}\n`}`\n},\n{\n``featureType``: ``all``,\n``elementType``: ``labels.icon``,\n``stylers``: `{`\n{\n``visibility``: ``off``\n}\n`}`\n},\n{\n``featureType``: ``administrative``,\n``elementType``: ``geometry.fill``,\n``stylers``: `{`\n{\n``color``: ``#04070f``\n},\n{\n``lightness``: 20\n}\n`}`\n},\n{\n``featureType``: ``administrative``,\n``elementType``: ``geometry.stroke``,\n``stylers``: `{`\n{\n``color``: ``#04070f``\n},\n{\n``lightness``: 17\n},\n{\n``weight``: 1.2\n}\n`}`\n},\n{\n``featureType``: ``administrative``,\n``elementType``: ``labels``,\n``stylers``: `{`\n{\n``visibility``: ``off``\n}\n`}`\n},\n{\n``featureType``: ``administrative.country``,\n``elementType``: ``all``,\n``stylers``: `{`\n{\n``visibility``: ``simplified``\n}\n`}`\n},\n{\n``featureType``: ``administrative.country``,\n``elementType``: ``geometry``,\n``stylers``: `{`\n{\n``visibility``: ``simplified``\n}\n`}`\n},\n{\n``featureType``: ``administrative.country``,\n``elementType``: ``labels.text``,\n``stylers``: `{`\n{\n``visibility``: ``simplified``\n}\n`}`\n},\n{\n``featureType``: ``administrative.province``,\n``elementType``: ``all``,\n``stylers``: `{`\n{\n``visibility``: ``off``\n}\n`}`\n},\n{\n``featureType``: ``administrative.locality``,\n``elementType``: ``all``,\n``stylers``: `{`\n{\n``visibility``: ``simplified``\n},\n{\n``saturation``: ``-100``\n},\n{\n``lightness``: ``30``\n}\n`}`\n},\n{\n``featureType``: ``administrative.neighborhood``,\n``elementType``: ``all``,\n``stylers``: `{`\n{\n``visibility``: ``off``\n}\n`}`\n},\n{\n``featureType``: ``administrative.land_parcel``,\n``elementType``: ``all``,\n``stylers``: `{`\n{\n``visibility``: ``off``\n}\n`}`\n},\n{\n``featureType``: ``landscape``,\n``elementType``: ``all``,\n``stylers``: `{`\n{\n``visibility``: ``simplified``\n},\n{\n``gamma``: ``0.00``\n},\n{\n``lightness``: ``74``\n}\n`}`\n},\n{\n``featureType``: ``landscape``,\n``elementType``: ``geometry``,\n``stylers``: `{`\n{\n``color``: ``#04070f``\n},\n{\n``lightness``: 20\n}\n`}`\n},\n{\n``featureType``: ``landscape.man_made``,\n``elementType``: ``all``,\n``stylers``: `{`\n{\n``lightness``: ``3``\n}\n`}`\n},\n{\n``featureType``: ``poi``,\n``elementType``: ``all``,\n``stylers``: `{`\n{\n``visibility``: ``off``\n}\n`}`\n},\n{\n``featureType``: ``poi``,\n``elementType``: ``geometry``,\n``stylers``: `{`\n{\n``color``: ``#04070f``\n},\n{\n``lightness``: 21\n}\n`}`\n},\n{\n``featureType``: ``road``,\n``elementType``: ``geometry``,\n``stylers``: `{`\n{\n``visibility``: ``simplified``\n}\n`}`\n},\n{\n``featureType``: ``road.highway``,\n``elementType``: ``geometry.fill``,\n``stylers``: `{`\n{\n``color``: ``#04070f``\n},\n{\n``lightness``: 17\n}\n`}`\n},\n{\n``featureType``: ``road.highway``,\n``elementType``: ``geometry.stroke``,\n``stylers``: `{`\n{\n``color``: ``#04070f``\n},\n{\n``lightness``: 29\n},\n{\n``weight``: 0.2\n}\n`}`\n},\n{\n``featureType``: ``road.arterial``,\n``elementType``: ``geometry``,\n``stylers``: `{`\n{\n``color``: ``#04070f``\n},\n{\n``lightness``: 18\n}\n`}`\n},\n{\n``featureType``: ``road.local``,\n``elementType``: ``geometry``,\n``stylers``: `{`\n{\n``color``: ``#04070f``\n},\n{\n``lightness``: 16\n}\n`}`\n},\n{\n``featureType``: ``transit``,\n``elementType``: ``geometry``,\n``stylers``: `{`\n{\n``color``: ``#04070f``\n},\n{\n``lightness``: 19\n}\n`}`\n},\n{\n``featureType``: ``water``,\n``elementType``: ``geometry``,\n``stylers``: `{`\n{\n``color``: ``#04070f``\n},\n{\n``lightness``: 17\n}\n`}`\n}\n`}`\"\/>\n\t\t\t\t<div class=\"mkdf-google-map-overlay\"><\/div>\n\t<\/div>\t\t<\/div>\n\t\t\t\t<\/div>\n\t\t\t\t\t<\/div>\n\t\t<\/div>\n\t\t\t\t<div class=\"elementor-column elementor-col-50 elementor-top-column elementor-element elementor-element-9275146\" data-id=\"9275146\" data-element_type=\"column\">\n\t\t\t<div class=\"elementor-widget-wrap elementor-element-populated\">\n\t\t\t\t\t\t\t\t<div class=\"elementor-element elementor-element-1dce09d elementor-widget elementor-widget-mkdf_cf7\" data-id=\"1dce09d\" data-element_type=\"widget\" data-widget_type=\"mkdf_cf7.default\">\n\t\t\t\t<div class=\"elementor-widget-container\">\n\t\t\t    <div role=\"form\" class=\"wpcf7\" id=\"wpcf7-f5-o1\" lang=\"tr-TR\" dir=\"ltr\">\n<div class=\"screen-reader-response\"><p role=\"status\" aria-live=\"polite\" aria-atomic=\"true\"><\/p> <ul><\/ul><\/div>\n<form action=\"\/index.php\/wp-json\/wp\/v2\/pages\/1743#wpcf7-f5-o1\" method=\"post\" class=\"wpcf7-form init cf7_custom_style_1\" novalidate=\"novalidate\" data-status=\"init\">\n<div style=\"display: none;\">\n<input type=\"hidden\" name=\"_wpcf7\" value=\"5\" \/>\n<input type=\"hidden\" name=\"_wpcf7_version\" value=\"5.4.2\" \/>\n<input type=\"hidden\" name=\"_wpcf7_locale\" value=\"tr_TR\" \/>\n<input type=\"hidden\" name=\"_wpcf7_unit_tag\" value=\"wpcf7-f5-o1\" \/>\n<input type=\"hidden\" name=\"_wpcf7_container_post\" value=\"0\" \/>\n<input type=\"hidden\" name=\"_wpcf7_posted_data_hash\" value=\"\" \/>\n<\/div>\n<p><label> Ad Soyad<br \/>\n    <span class=\"wpcf7-form-control-wrap your-name\"><input type=\"text\" name=\"your-name\" value=\"\" size=\"40\" class=\"wpcf7-form-control wpcf7-text wpcf7-validates-as-required\" aria-required=\"true\" aria-invalid=\"false\" \/><\/span> <\/label><\/p>\n<p><label> Telefon<br \/>\n    <span class=\"wpcf7-form-control-wrap tel-253\"><input type=\"tel\" name=\"tel-253\" value=\"\" size=\"40\" class=\"wpcf7-form-control wpcf7-text wpcf7-tel wpcf7-validates-as-tel\" aria-invalid=\"false\" \/><\/span> <\/label><\/p>\n<p><label> E Posta<br \/>\n    <span class=\"wpcf7-form-control-wrap your-email\"><input type=\"email\" name=\"your-email\" value=\"\" size=\"40\" class=\"wpcf7-form-control wpcf7-text wpcf7-email wpcf7-validates-as-required wpcf7-validates-as-email\" aria-required=\"true\" aria-invalid=\"false\" \/><\/span> <\/label><\/p>\n<p><label> Konu<br \/>\n    <span class=\"wpcf7-form-control-wrap your-subject\"><input type=\"text\" name=\"your-subject\" value=\"\" size=\"40\" class=\"wpcf7-form-control wpcf7-text wpcf7-validates-as-required\" aria-required=\"true\" aria-invalid=\"false\" \/><\/span> <\/label><\/p>\n<p><label> Mesaj\u0131n\u0131z (optional)<br \/>\n    <span class=\"wpcf7-form-control-wrap your-message\"><textarea name=\"your-message\" cols=\"40\" rows=\"10\" class=\"wpcf7-form-control wpcf7-textarea\" aria-invalid=\"false\"><\/textarea><\/span> <\/label><\/p>\n<p><button type=\"submit\" class=\"wpcf7-form-control wpcf7-submit mkdf-btn mkdf-btn-medium mkdf-btn-solid\"><span class=\"mkdf-btn-text\">G\u00f6nder<\/span><\/button><\/p>\n<div class=\"wpcf7-response-output\" aria-hidden=\"true\"><\/div><\/form><\/div>\t\t<\/div>\n\t\t\t\t<\/div>\n\t\t\t\t\t<\/div>\n\t\t<\/div>\n\t\t\t\t\t\t\t<\/div>\n\t\t<\/section>\n\t\t\t\t\t\t<\/div>\n\t\t\t\t\t<\/div>\n\t\t","protected":false},"excerpt":{"rendered":"<p>\u0130leti\u015fim Bilgileri Denizk\u00f6\u015fkler Mah. Mine Sok. No:22\/9 Avc\u0131lar \/ \u0130STANBUL +(90) 535 874 08 61 info@emeyinsaat.com.tr Ad Soyad Telefon E Posta Konu Mesaj\u0131n\u0131z (optional) G\u00f6nder<\/p>\n","protected":false},"author":1,"featured_media":0,"parent":0,"menu_order":0,"comment_status":"closed","ping_status":"closed","template":"full-width.php","meta":{"footnotes":""},"class_list":["post-1743","page","type-page","status-publish","hentry"],"_links":{"self":[{"href":"https:\/\/emeyinsaat.com.tr\/index.php\/wp-json\/wp\/v2\/pages\/1743","targetHints":{"allow":["GET"]}}],"collection":[{"href":"https:\/\/emeyinsaat.com.tr\/index.php\/wp-json\/wp\/v2\/pages"}],"about":[{"href":"https:\/\/emeyinsaat.com.tr\/index.php\/wp-json\/wp\/v2\/types\/page"}],"author":[{"embeddable":true,"href":"https:\/\/emeyinsaat.com.tr\/index.php\/wp-json\/wp\/v2\/users\/1"}],"replies":[{"embeddable":true,"href":"https:\/\/emeyinsaat.com.tr\/index.php\/wp-json\/wp\/v2\/comments?post=1743"}],"version-history":[{"count":14,"href":"https:\/\/emeyinsaat.com.tr\/index.php\/wp-json\/wp\/v2\/pages\/1743\/revisions"}],"predecessor-version":[{"id":9520,"href":"https:\/\/emeyinsaat.com.tr\/index.php\/wp-json\/wp\/v2\/pages\/1743\/revisions\/9520"}],"wp:attachment":[{"href":"https:\/\/emeyinsaat.com.tr\/index.php\/wp-json\/wp\/v2\/media?parent=1743"}],"curies":[{"name":"wp","href":"https:\/\/api.w.org\/{rel}","templated":true}]}}